{"id":3,"date":"2024-02-20T07:05:06","date_gmt":"2024-02-20T07:05:06","guid":{"rendered":"https:\/\/chuyende.sdb.vn\/?page_id=3"},"modified":"2024-02-24T02:35:07","modified_gmt":"2024-02-24T02:35:07","slug":"privacy-policy","status":"publish","type":"page","link":"https:\/\/chuyende.sdb.vn\/index.php\/privacy-policy\/","title":{"rendered":"ch\u00ednh s\u00e1ch b\u1ea3o m\u1eadt"},"content":{"rendered":"<div id=\"tdi_1\" class=\"tdc-zone\"><div class=\"tdc_zone tdi_2  wpb_row td-pb-row\"  >\n<style scoped>\n\/* custom css - generated by TagDiv Composer *\/\n\n\/* custom css - generated by TagDiv Composer *\/\n.tdi_2{\r\n                    min-height: 0;\r\n                }\n<\/style><div id=\"tdi_3\" class=\"tdc-row stretch_row_1200 td-stretch-content\"><div class=\"vc_row tdi_4  wpb_row td-pb-row\" >\n<style scoped>\n\/* custom css - generated by TagDiv Composer *\/\n\n\/* custom css - generated by TagDiv Composer *\/\n.tdi_4,\r\n                .tdi_4 .tdc-columns{\r\n                    min-height: 0;\r\n                }.tdi_4,\r\n\t\t\t\t.tdi_4 .tdc-columns{\r\n\t\t\t\t    display: block;\r\n\t\t\t\t}.tdi_4 .tdc-columns{\r\n\t\t\t\t    width: 100%;\r\n\t\t\t\t}.tdi_4:before,\r\n\t\t\t\t.tdi_4:after{\r\n\t\t\t\t    display: table;\r\n\t\t\t\t}\n<\/style><div class=\"vc_column tdi_6  wpb_column vc_column_container tdc-column td-pb-span12\">\n<style scoped>\n\/* custom css - generated by TagDiv Composer *\/\n\n\/* custom css - generated by TagDiv Composer *\/\n.tdi_6{\r\n                    vertical-align: baseline;\r\n                }.tdi_6 > .wpb_wrapper,\r\n\t\t\t\t.tdi_6 > .wpb_wrapper > .tdc-elements{\r\n\t\t\t\t    display: block;\r\n\t\t\t\t}.tdi_6 > .wpb_wrapper > .tdc-elements{\r\n\t\t\t\t    width: 100%;\r\n\t\t\t\t}.tdi_6 > .wpb_wrapper > .vc_row_inner{\r\n\t\t\t\t    width: auto;\r\n\t\t\t\t}.tdi_6 > .wpb_wrapper{\r\n\t\t\t\t    width: auto;\r\n\t\t\t\t    height: auto;\r\n\t\t\t\t}\n<\/style><div class=\"wpb_wrapper\" ><div class=\"tdm_block td_block_wrap tdm_block_fancy_text_image tdi_7 td_block_fancy_text tdm-layout-12-12 tdm-content-horiz-left tdm-content-vert-center td-pb-border-top td_block_template_1 tdm-mobile-full\"  data-td-block-uid=\"tdi_7\" >\n<style>\n\/* custom css - generated by TagDiv Composer *\/\n.td_block_fancy_text .tdm-fancy-title{\r\n                  font-family: var(--td_default_google_font_2, 'Roboto', sans-serif);\r\n                  font-size: 155px;\r\n                  font-weight: bold;\r\n                  line-height: 106px;\r\n                  letter-spacing: -8px;\r\n                  margin-top: -5px;\r\n                  margin-bottom: -60px;\r\n                }.td_block_fancy_text .tdm-fancy-title span{\r\n                  display: block;\r\n                  word-break: break-word;\r\n                  padding: 10px 10px 47px 0;\r\n                }.td_block_fancy_text .tdm-fancy-title1{\r\n                  color: #333;\r\n                }.td_block_fancy_text .tdm-fancy-title2{\r\n                  color: #fff;\r\n                  text-shadow: 2px 8px 27px rgba(0, 0, 0, 0.1);\r\n                  top: -60px;\r\n                  position: relative;\r\n                }.td_block_fancy_text .tdm-btn{\r\n                  margin-top: 10px;\r\n                  margin-bottom: 10px;\r\n                }.td_block_fancy_text.tdm-content-horiz-center .tdm-fancy-title span{\r\n                  margin: 0 auto;\r\n                }.td_block_fancy_text.tdm-content-horiz-right .tdm-fancy-title span{\r\n                  margin-left: auto;\r\n                }body .tdi_7 .tdm-fancy-title1{\r\n\t\t\t\t\tcolor: var(--accent-color-1);\r\n\t\t\t\t}body .tdi_7 .tdm-fancy-title2{\r\n\t\t\t\t\tcolor: var(--accent-color-1);\r\n\t\t\t\t}.tdi_7 .tdm-descr{\r\n\t\t\t\t    color: var(--base-color-1);\r\n\t\t\t\t\r\n\t\t\t\t\tfont-family: var(--global-font-1) !important;font-size:17px !important;font-weight:700 !important;text-transform:capitalize !important;\r\n\t\t\t\t}.tdi_7 .tdm-fancy-title1{\r\n\t\t\t\t\tfont-family: var(--global-font-1) !important;font-size:30px !important;font-weight:800 !important;text-transform:uppercase !important;letter-spacing:1px !important;\r\n\t\t\t\t}.tdi_7 .tdm-fancy-title2{\r\n\t\t\t\t\tfont-family: var(--global-font-1) !important;font-size:30px !important;font-weight:800 !important;text-transform:uppercase !important;letter-spacing:1px !important;\r\n\t\t\t\t}@media (min-width: 1019px) and (max-width: 1140px) {\r\n                  .td_block_fancy_text .tdm-fancy-title {\r\n                    font-size: 120px;\r\n                    line-height: 80px;\r\n                    letter-spacing: -6px;\r\n                  }\r\n                }@media (min-width: 768px) and (max-width: 1018px) {\r\n                  .td_block_fancy_text .tdm-fancy-title {\r\n                    font-size: 98px;\r\n                    line-height: 70px;\r\n                    letter-spacing: -4px;\r\n                  }\r\n                }@media (max-width: 767px) {\r\n                  .td_block_fancy_text .tdm-fancy-title {\r\n                    font-size: 72px;\r\n                    line-height: 44px;\r\n                    letter-spacing: -4px;\r\n                    margin-top: 40px;\r\n                    margin-bottom: -76px;\r\n                  }\r\n                }@media (max-width: 767px) {\r\n                  .td_block_fancy_text.tdm-flip-yes .tdm-fancy-title,\r\n                  .td_block_fancy_text.tdm-flip-yes .tdm-image {\r\n                    margin-top: 30px;\r\n                  }\r\n                }\n<\/style><div class=\"td-block-width\"><div class=\"td-block-row tdm-row td-fix-index\"><div class=\"td-block-span5 tdm-col tdm-col-img\"><img loading=\"lazy\" decoding=\"async\" class=\"tdm-image\" src=\"https:\/\/chuyende.sdb.vn\/wp-content\/uploads\/2024\/02\/8582426b275d8a03d34c.jpg\" width=\"1280\" height=\"1138\" title=\"Ch\u00ednh s\u00e1ch b\u1ea3o m\u1eadt\"><\/div><div class=\"td-block-span7 tdm-col\"><div class=\"tdm-text-wrap tdm-text-padding\"><h3 class=\"tdm-fancy-title\"><span class=\"tdm-fancy-title1\">Ch\u00ednh s\u00e1ch b\u1ea3o m\u1eadt<\/span><span class=\"tdm-fancy-title2\"><\/span><\/h3><p class=\"tdm-descr\">C\u1ea3m \u01a1n b\u1ea1n \u0111\u00e3 gh\u00e9 th\u0103m trang web chuyende.sdb.vn v\u00e0 quan t\u00e2m \u0111\u1ebfn vi\u1ec7c b\u1ea3o v\u1ec7 th\u00f4ng tin c\u00e1 nh\u00e2n. Ch\u00ednh s\u00e1ch quy\u1ec1n ri\u00eang t\u01b0 n\u00e0y m\u00f4 t\u1ea3 c\u00e1ch ch\u00fang t\u00f4i thu th\u1eadp, s\u1eed d\u1ee5ng v\u00e0 b\u1ea3o v\u1ec7 th\u00f4ng tin c\u00e1 nh\u00e2n c\u1ee7a b\u1ea1n khi b\u1ea1n s\u1eed d\u1ee5ng trang web c\u1ee7a ch\u00fang t\u00f4i.\n\nTh\u00f4ng tin thu th\u1eadp:\nKhi b\u1ea1n truy c\u1eadp trang web c\u1ee7a ch\u00fang t\u00f4i, ch\u00fang t\u00f4i c\u00f3 th\u1ec3 t\u1ef1 \u0111\u1ed9ng thu th\u1eadp m\u1ed9t s\u1ed1 th\u00f4ng tin kh\u00f4ng nh\u1eadn d\u1ea1ng c\u00e1 nh\u00e2n nh\u01b0 \u0111\u1ecba ch\u1ec9 IP, lo\u1ea1i tr\u00ecnh duy\u1ec7t v\u00e0 th\u1eddi gian truy c\u1eadp \u0111\u1ec3 c\u1ea3i thi\u1ec7n tr\u1ea3i nghi\u1ec7m c\u1ee7a b\u1ea1n.\n\nS\u1eed d\u1ee5ng th\u00f4ng tin:\nCh\u00fang t\u00f4i c\u00f3 th\u1ec3 s\u1eed d\u1ee5ng th\u00f4ng tin c\u00e1 nh\u00e2n b\u1ea1n cung c\u1ea5p \u0111\u1ec3 li\u00ean l\u1ea1c, cung c\u1ea5p th\u00f4ng tin ho\u1eb7c tr\u1ea3 l\u1eddi y\u00eau c\u1ea7u c\u1ee7a b\u1ea1n. Th\u00f4ng tin kh\u00f4ng nh\u1eadn d\u1ea1ng c\u00e1 nh\u00e2n \u0111\u01b0\u1ee3c s\u1eed d\u1ee5ng \u0111\u1ec3 ph\u00e2n t\u00edch xu h\u01b0\u1edbng v\u00e0 qu\u1ea3n l\u00fd trang web.\n\nChia s\u1ebb th\u00f4ng tin:\nCh\u00fang t\u00f4i cam k\u1ebft kh\u00f4ng chia s\u1ebb th\u00f4ng tin c\u00e1 nh\u00e2n c\u1ee7a b\u1ea1n v\u1edbi b\u1ea5t k\u1ef3 b\u00ean th\u1ee9 ba n\u00e0o m\u00e0 kh\u00f4ng c\u00f3 s\u1ef1 \u0111\u1ed3ng \u00fd c\u1ee7a b\u1ea1n, tr\u1eeb khi \u0111\u01b0\u1ee3c y\u00eau c\u1ea7u b\u1edfi ph\u00e1p lu\u1eadt.\n\nB\u1ea3o m\u1eadt:\nCh\u00fang t\u00f4i cam k\u1ebft b\u1ea3o v\u1ec7 th\u00f4ng tin c\u00e1 nh\u00e2n c\u1ee7a b\u1ea1n v\u00e0 s\u1eed d\u1ee5ng c\u00e1c bi\u1ec7n ph\u00e1p b\u1ea3o m\u1eadt ph\u00f9 h\u1ee3p.\n\n\u0110\u1ed3ng \u00fd:\nB\u1eb1ng c\u00e1ch s\u1eed d\u1ee5ng trang web c\u1ee7a ch\u00fang t\u00f4i, b\u1ea1n \u0111\u1ed3ng \u00fd v\u1edbi ch\u00ednh s\u00e1ch quy\u1ec1n ri\u00eang t\u01b0 n\u00e0y.\n\nThay \u0111\u1ed5i ch\u00ednh s\u00e1ch:\nCh\u00fang t\u00f4i c\u00f3 th\u1ec3 c\u1eadp nh\u1eadt ch\u00ednh s\u00e1ch n\u00e0y v\u00e0 b\u1ea5t k\u1ef3 thay \u0111\u1ed5i n\u00e0o s\u1ebd \u0111\u01b0\u1ee3c c\u00f4ng b\u1ed1 tr\u00ean trang web c\u1ee7a ch\u00fang t\u00f4i.\n\nN\u1ebfu b\u1ea1n c\u00f3 c\u00e2u h\u1ecfi ho\u1eb7c \u00fd ki\u1ebfn v\u1ec1 ch\u00ednh s\u00e1ch quy\u1ec1n ri\u00eang t\u01b0 c\u1ee7a ch\u00fang t\u00f4i, vui l\u00f2ng li\u00ean h\u1ec7 v\u1edbi ch\u00fang t\u00f4i qua th\u00f4ng tin \u0111\u01b0\u1ee3c cung c\u1ea5p tr\u00ean trang web.\n\nCh\u00e2n th\u00e0nh,\nCh\u00ednh s\u00e1ch quy\u1ec1n ri\u00eang t\u01b0 c\u1ee7a ch\u00fang t\u00f4i.<\/p><\/div><\/div><\/div><\/div><\/div><\/div><\/div><\/div><\/div><div id=\"tdi_8\" class=\"tdc-row stretch_row_1200 td-stretch-content\"><div class=\"vc_row tdi_9  wpb_row td-pb-row\" >\n<style scoped>\n\/* custom css - generated by TagDiv Composer *\/\n\n\/* custom css - generated by TagDiv Composer *\/\n.tdi_9,\r\n                .tdi_9 .tdc-columns{\r\n                    min-height: 0;\r\n                }.tdi_9,\r\n\t\t\t\t.tdi_9 .tdc-columns{\r\n\t\t\t\t    display: block;\r\n\t\t\t\t}.tdi_9 .tdc-columns{\r\n\t\t\t\t    width: 100%;\r\n\t\t\t\t}.tdi_9:before,\r\n\t\t\t\t.tdi_9:after{\r\n\t\t\t\t    display: table;\r\n\t\t\t\t}\n<\/style><div class=\"vc_column tdi_11  wpb_column vc_column_container tdc-column td-pb-span12\">\n<style scoped>\n\/* custom css - generated by TagDiv Composer *\/\n\n\/* custom css - generated by TagDiv Composer *\/\n.tdi_11{\r\n                    vertical-align: baseline;\r\n                }.tdi_11 > .wpb_wrapper,\r\n\t\t\t\t.tdi_11 > .wpb_wrapper > .tdc-elements{\r\n\t\t\t\t    display: block;\r\n\t\t\t\t}.tdi_11 > .wpb_wrapper > .tdc-elements{\r\n\t\t\t\t    width: 100%;\r\n\t\t\t\t}.tdi_11 > .wpb_wrapper > .vc_row_inner{\r\n\t\t\t\t    width: auto;\r\n\t\t\t\t}.tdi_11 > .wpb_wrapper{\r\n\t\t\t\t    width: auto;\r\n\t\t\t\t    height: auto;\r\n\t\t\t\t}\n<\/style><div class=\"wpb_wrapper\" ><\/div><\/div><\/div><\/div><div id=\"tdi_12\" class=\"tdc-row\"><div class=\"vc_row tdi_13  wpb_row td-pb-row\" >\n<style scoped>\n\/* custom css - generated by TagDiv Composer *\/\n\n\/* custom css - generated by TagDiv Composer *\/\n.tdi_13,\r\n                .tdi_13 .tdc-columns{\r\n                    min-height: 0;\r\n                }.tdi_13,\r\n\t\t\t\t.tdi_13 .tdc-columns{\r\n\t\t\t\t    display: block;\r\n\t\t\t\t}.tdi_13 .tdc-columns{\r\n\t\t\t\t    width: 100%;\r\n\t\t\t\t}.tdi_13:before,\r\n\t\t\t\t.tdi_13:after{\r\n\t\t\t\t    display: table;\r\n\t\t\t\t}\n<\/style><div class=\"vc_column tdi_15  wpb_column vc_column_container tdc-column td-pb-span12\">\n<style scoped>\n\/* custom css - generated by TagDiv Composer *\/\n\n\/* custom css - generated by TagDiv Composer *\/\n.tdi_15{\r\n                    vertical-align: baseline;\r\n                }.tdi_15 > .wpb_wrapper,\r\n\t\t\t\t.tdi_15 > .wpb_wrapper > .tdc-elements{\r\n\t\t\t\t    display: block;\r\n\t\t\t\t}.tdi_15 > .wpb_wrapper > .tdc-elements{\r\n\t\t\t\t    width: 100%;\r\n\t\t\t\t}.tdi_15 > .wpb_wrapper > .vc_row_inner{\r\n\t\t\t\t    width: auto;\r\n\t\t\t\t}.tdi_15 > .wpb_wrapper{\r\n\t\t\t\t    width: auto;\r\n\t\t\t\t    height: auto;\r\n\t\t\t\t}\n<\/style><div class=\"wpb_wrapper\" ><\/div><\/div><\/div><\/div><\/div><\/div>","protected":false},"excerpt":{"rendered":"","protected":false},"author":1,"featured_media":0,"parent":0,"menu_order":0,"comment_status":"closed","ping_status":"closed","template":"","meta":{"_acf_changed":false,"footnotes":""},"class_list":["post-3","page","type-page","status-publish"],"acf":[],"ams_acf":[],"jetpack_sharing_enabled":true,"amp_enabled":true,"rttpg_featured_image_url":null,"rttpg_author":{"display_name":"nguyentridungsdb","author_link":"https:\/\/chuyende.sdb.vn\/index.php\/author\/nguyentridungsdb\/"},"rttpg_comment":0,"rttpg_category":null,"rttpg_excerpt":null,"_links":{"self":[{"href":"https:\/\/chuyende.sdb.vn\/index.php\/wp-json\/wp\/v2\/pages\/3","targetHints":{"allow":["GET"]}}],"collection":[{"href":"https:\/\/chuyende.sdb.vn\/index.php\/wp-json\/wp\/v2\/pages"}],"about":[{"href":"https:\/\/chuyende.sdb.vn\/index.php\/wp-json\/wp\/v2\/types\/page"}],"author":[{"embeddable":true,"href":"https:\/\/chuyende.sdb.vn\/index.php\/wp-json\/wp\/v2\/users\/1"}],"replies":[{"embeddable":true,"href":"https:\/\/chuyende.sdb.vn\/index.php\/wp-json\/wp\/v2\/comments?post=3"}],"version-history":[{"count":8,"href":"https:\/\/chuyende.sdb.vn\/index.php\/wp-json\/wp\/v2\/pages\/3\/revisions"}],"predecessor-version":[{"id":1223,"href":"https:\/\/chuyende.sdb.vn\/index.php\/wp-json\/wp\/v2\/pages\/3\/revisions\/1223"}],"wp:attachment":[{"href":"https:\/\/chuyende.sdb.vn\/index.php\/wp-json\/wp\/v2\/media?parent=3"}],"curies":[{"name":"wp","href":"https:\/\/api.w.org\/{rel}","templated":true}]}}